{"id":924,"date":"2015-07-06T08:42:13","date_gmt":"2015-07-06T06:42:13","guid":{"rendered":"http:\/\/trebob.com\/?page_id=924"},"modified":"2023-06-27T09:41:46","modified_gmt":"2023-06-27T07:41:46","slug":"plan-de-scene","status":"publish","type":"page","link":"https:\/\/trebob.com\/?page_id=924","title":{"rendered":"Plan de sc\u00e8ne"},"content":{"rendered":"<p>Stand de 2,50m de longueur minimum dans le dos des musiciens, afin d&rsquo;y poser ampli, ordinateur, table mixage et banni\u00e8re. (dimension sc\u00e8ne ou espace de prestation 4mx3m)<\/p>\n<p>La sonorisation g\u00e9n\u00e9ralement utilis\u00e9 pour les petits lieux (Bars, Restaurants, Petites sc\u00e8nes), est un syst\u00e8me HK IMPACT (1,2 K) avec une table de mixage XR 18 Beringher.<\/p>\n<p><strong>MATERIEL<\/strong><\/p>\n<p><span style=\"text-decoration: underline;\">Boris<\/span><\/p>\n<ul>\n<li>1 guitare \u00e9lectrique, sortie sym\u00e9trique (emulator) du pr\u00e9-ampli Marshall JMP 1 (Jack\/XLR m\u00e2le)<\/li>\n<li>1 guitare \u00e9lectro-acoustique, (Jack\/Jack)&#8230;&#8230;&#8230;&#8230;&#8230;&#8230;&#8230;&#8230;&#8230;&#8230;&#8230;&#8230;&#8230;&#8230;&#8230;&#8230;&#8230;&#8230;&#8230;&#8230;&#8230;&#8230;&#8230;&#8230;&#8230;&#8230;&#8230;&#8230;&#8230;&#8230;&#8230;&#8230;.. 1 D.I<\/li>\n<li>1 ordinateur pour lecture s\u00e9quences, (Petit Jack st\u00e9r\u00e9o\/2 Jacks)&#8230;&#8230;&#8230;&#8230;&#8230;&#8230;&#8230;&#8230;&#8230;&#8230;&#8230;&#8230;&#8230;&#8230;&#8230;&#8230;&#8230;. 2 D.I<\/li>\n<li>1 module DM5 Alesis pour percussions aux pieds (Jack\/Jack mono)&#8230;&#8230;&#8230;&#8230;&#8230;&#8230;&#8230;&#8230;&#8230;&#8230;&#8230;&#8230;&#8230;&#8230;&#8230;1 D.I<\/li>\n<li>1 micro chant<\/li>\n<li>1 retour HF, Ear Monitor, \u00ab SHURE PSM 200 \u00bb (Jack ou XLR)<\/li>\n<\/ul>\n<p><span style=\"text-decoration: underline;\"><\/p>\n<p>Stephane<\/span><\/p>\n<ul>\n<li>1 guitare \u00e9lectrique, T\u00eate \u00ab\u00a0ENGL\u00a0\u00bb sortie D.I torpedo \u00ab\u00a0two note\u00a0\u00bb<\/li>\n<li>1 guitare \u00e9lectro-classique, (Jack\/Jack)&#8230;&#8230;&#8230;&#8230;&#8230;&#8230;&#8230;&#8230;&#8230;&#8230;&#8230;&#8230;&#8230;&#8230;&#8230;&#8230;&#8230;&#8230;&#8230;&#8230;&#8230;&#8230;&#8230;&#8230;&#8230;&#8230;&#8230;&#8230;&#8230; 1 D.I<\/li>\n<li>1 banjo (capteurs)&#8230;&#8230;&#8230;&#8230;&#8230;&#8230;&#8230;&#8230;&#8230;&#8230;&#8230;&#8230;&#8230;&#8230;&#8230;&#8230;&#8230;&#8230;&#8230;&#8230;&#8230;&#8230;&#8230;&#8230;&#8230;&#8230;&#8230;&#8230;&#8230;&#8230;&#8230;&#8230;&#8230;&#8230;&#8230;&#8230;&#8230;&#8230;&#8230;&#8230;&#8230;&#8230;.. 1 D.I<\/li>\n<li>1 micro chant<\/li>\n<li>1 retour<\/li>\n<\/ul>\n<p>Pour la sonorisation de sc\u00e8ne (back line) pr\u00e9voir 6 \u00e0 7 D.I minimum.<\/p>\n<p>-&gt; T\u00e9l\u00e9charger au format pdf: <a href=\"http:\/\/trebob.com\/wp-content\/uploads\/2015\/07\/infos-plan-de-sc\u00e8ne.pdf\" target=\"_blank\" rel=\"noopener noreferrer\">infos plan de sc\u00e8ne<\/a><\/p>\n<p><a href=\"https:\/\/trebob.com\/wp-content\/uploads\/2023\/06\/plan-de-scene-trebob-2023.pdf\" target=\"_blank\" rel=\"noopener noreferrer\"><img loading=\"lazy\" decoding=\"async\" class=\"wp-image-1752  aligncenter\" src=\"https:\/\/trebob.com\/wp-content\/uploads\/2023\/06\/plan-de-scene-trebob-2023-pdf-300x212.jpg\" alt=\"\" width=\"629\" height=\"444\" \/><\/a><\/p>\n","protected":false},"excerpt":{"rendered":"<p>Stand de 2,50m de longueur minimum dans le dos des musiciens, afin d&rsquo;y poser ampli, ordinateur, table mixage et banni\u00e8re. (dimension sc\u00e8ne ou espace de prestation 4mx3m) La sonorisation g\u00e9n\u00e9ralement utilis\u00e9 pour les petits lieux (Bars, Restaurants, Petites sc\u00e8nes), est un syst\u00e8me HK IMPACT (1,2 K) avec une table de mixage XR 18 Beringher. MATERIEL [&hellip;]<\/p>\n","protected":false},"author":2,"featured_media":0,"parent":0,"menu_order":0,"comment_status":"closed","ping_status":"closed","template":"","meta":{"footnotes":""},"class_list":["post-924","page","type-page","status-publish","hentry"],"_links":{"self":[{"href":"https:\/\/trebob.com\/index.php?rest_route=\/wp\/v2\/pages\/924","targetHints":{"allow":["GET"]}}],"collection":[{"href":"https:\/\/trebob.com\/index.php?rest_route=\/wp\/v2\/pages"}],"about":[{"href":"https:\/\/trebob.com\/index.php?rest_route=\/wp\/v2\/types\/page"}],"author":[{"embeddable":true,"href":"https:\/\/trebob.com\/index.php?rest_route=\/wp\/v2\/users\/2"}],"replies":[{"embeddable":true,"href":"https:\/\/trebob.com\/index.php?rest_route=%2Fwp%2Fv2%2Fcomments&post=924"}],"version-history":[{"count":12,"href":"https:\/\/trebob.com\/index.php?rest_route=\/wp\/v2\/pages\/924\/revisions"}],"predecessor-version":[{"id":1758,"href":"https:\/\/trebob.com\/index.php?rest_route=\/wp\/v2\/pages\/924\/revisions\/1758"}],"wp:attachment":[{"href":"https:\/\/trebob.com\/index.php?rest_route=%2Fwp%2Fv2%2Fmedia&parent=924"}],"curies":[{"name":"wp","href":"https:\/\/api.w.org\/{rel}","templated":true}]}}