{"id":873,"date":"2015-07-03T13:15:59","date_gmt":"2015-07-03T13:15:59","guid":{"rendered":"http:\/\/trebob.com\/?page_id=873"},"modified":"2019-08-03T04:02:54","modified_gmt":"2019-08-03T02:02:54","slug":"programme-mixte","status":"publish","type":"page","link":"https:\/\/trebob.com\/?page_id=873","title":{"rendered":"Programme Mixte"},"content":{"rendered":"<section class=\"container\">\n<div class=\"row\">\n<div class=\"col-md-12 \" >\n<h3 class=\"\">R\u00e9pertoire reprenant une partie du programme acoustique festif agr\u00e9ment\u00e9 de morceaux \u00e9lectriques Ska, Punk et Rock&rsquo;n roll !<\/h3>\n<\/div>\n<div class=\"col-md-6 \" >\n<h2 class=\"audioalbum\">Une partie du r\u00e9pertoire<\/h2><p class=\"audioalbum\"><span><\/span><\/p><br \/>\n<ul class=\"chevrons unordered \">\n<li>Pulp Fiction<\/li>\n<li>Muse<\/li>\n<li>T\u00e9l\u00e9phone<\/li>\n<li>Rita Mitsouko<\/li>\n<li>Luke<\/li>\n<li>Billy Idol<\/li>\n<li>Noir d\u00e9sir<\/li>\n<li>ACDC<\/li>\n<li>Ska P<\/li>\n<li>Dropkick Murphy&rsquo;s<\/li>\n<li>Les B\u00e9ruriers<\/li>\n<li>The Pogues<\/li>\n<li>Big Soul<\/li>\n<\/ul>\n<\/div>\n<div class=\"col-md-6 \" >\n<h2 class=\"audioalbum\">S\u00e9lection de morceaux<\/h2><p class=\"audioalbum\"><span><\/span><\/p><br \/>\n<div class=\"track\"><span class=\"songtitle\">Hippy Shake<\/span><span class=\"songwriter\">(Big Soul)<\/span><span class=\"audiobutton\"><\/span><div class=\"albumtrack\" style=\"visibility:hidden;\"><audio class=\"wp-audio-shortcode\" id=\"audio-873-1\" preload=\"metadata\" style=\"width: 100%;\" controls=\"controls\"><source type=\"audio\/mpeg\" src=\"http:\/\/trebob.com\/wp-content\/uploads\/2015\/07\/big-soul-hippy-shake.mp3?_=1\" \/><a href=\"http:\/\/trebob.com\/wp-content\/uploads\/2015\/07\/big-soul-hippy-shake.mp3\">http:\/\/trebob.com\/wp-content\/uploads\/2015\/07\/big-soul-hippy-shake.mp3<\/a><\/audio><\/div><\/div><br \/>\n<div class=\"track\"><span class=\"songtitle\">New York<\/span><span class=\"songwriter\">(T\u00e9l\u00e9phone)<\/span><span class=\"audiobutton\"><\/span><div class=\"albumtrack\" style=\"visibility:hidden;\"><audio class=\"wp-audio-shortcode\" id=\"audio-873-2\" preload=\"metadata\" style=\"width: 100%;\" controls=\"controls\"><source type=\"audio\/mpeg\" src=\"http:\/\/trebob.com\/wp-content\/uploads\/2015\/07\/telephone-new-york.mp3?_=2\" \/><a href=\"http:\/\/trebob.com\/wp-content\/uploads\/2015\/07\/telephone-new-york.mp3\">http:\/\/trebob.com\/wp-content\/uploads\/2015\/07\/telephone-new-york.mp3<\/a><\/audio><\/div><\/div><br \/>\n<div class=\"track\"><span class=\"songtitle\">PulpFiction<\/span><span class=\"audiobutton\"><\/span><div class=\"albumtrack\" style=\"visibility:hidden;\"><audio class=\"wp-audio-shortcode\" id=\"audio-873-3\" preload=\"metadata\" style=\"width: 100%;\" controls=\"controls\"><source type=\"audio\/mpeg\" src=\"http:\/\/trebob.com\/wp-content\/uploads\/2015\/07\/Pulp-Fiction.mp3?_=3\" \/><a href=\"http:\/\/trebob.com\/wp-content\/uploads\/2015\/07\/Pulp-Fiction.mp3\">http:\/\/trebob.com\/wp-content\/uploads\/2015\/07\/Pulp-Fiction.mp3<\/a><\/audio><\/div><\/div><br \/>\n<div class=\"track\"><span class=\"songtitle\">Hygiaphone<\/span><span class=\"songwriter\">(T\u00e9l\u00e9phone)<\/span><span class=\"audiobutton\"><\/span><div class=\"albumtrack\" style=\"visibility:hidden;\"><audio class=\"wp-audio-shortcode\" id=\"audio-873-4\" preload=\"metadata\" style=\"width: 100%;\" controls=\"controls\"><source type=\"audio\/mpeg\" src=\"http:\/\/trebob.com\/wp-content\/uploads\/2015\/07\/telephone-hygiaphone.mp3?_=4\" \/><a href=\"http:\/\/trebob.com\/wp-content\/uploads\/2015\/07\/telephone-hygiaphone.mp3\">http:\/\/trebob.com\/wp-content\/uploads\/2015\/07\/telephone-hygiaphone.mp3<\/a><\/audio><\/div><\/div><br \/>\n<div class=\"track\"><span class=\"songtitle\">C&#039;est comme \u00e7a<\/span><span class=\"songwriter\">(Rita Mitsouko)<\/span><span class=\"audiobutton\"><\/span><div class=\"albumtrack\" style=\"visibility:hidden;\"><audio class=\"wp-audio-shortcode\" id=\"audio-873-5\" preload=\"metadata\" style=\"width: 100%;\" controls=\"controls\"><source type=\"audio\/mpeg\" src=\"http:\/\/trebob.com\/wp-content\/uploads\/2015\/07\/rita-mitsouko-c-est-comme-\u00e7a.mp3?_=5\" \/><a href=\"http:\/\/trebob.com\/wp-content\/uploads\/2015\/07\/rita-mitsouko-c-est-comme-\u00e7a.mp3\">http:\/\/trebob.com\/wp-content\/uploads\/2015\/07\/rita-mitsouko-c-est-comme-\u00e7a.mp3<\/a><\/audio><\/div><\/div><br \/>\n<div class=\"track\"><span class=\"songtitle\">L&#039;homme press\u00e9<\/span><span class=\"songwriter\">(Noir D\u00e9sir)<\/span><span class=\"audiobutton\"><\/span><div class=\"albumtrack\" style=\"visibility:hidden;\"><audio class=\"wp-audio-shortcode\" id=\"audio-873-6\" preload=\"metadata\" style=\"width: 100%;\" controls=\"controls\"><source type=\"audio\/mpeg\" src=\"http:\/\/trebob.com\/wp-content\/uploads\/2015\/07\/noir-desir-homme-presse.mp3?_=6\" \/><a href=\"http:\/\/trebob.com\/wp-content\/uploads\/2015\/07\/noir-desir-homme-presse.mp3\">http:\/\/trebob.com\/wp-content\/uploads\/2015\/07\/noir-desir-homme-presse.mp3<\/a><\/audio><\/div><\/div><br \/>\n<div class=\"track\"><span class=\"songtitle\">Dirty Old Town<\/span><span class=\"songwriter\">(The Pogues)<\/span><span class=\"audiobutton\"><\/span><div class=\"albumtrack\" style=\"visibility:hidden;\"><audio class=\"wp-audio-shortcode\" id=\"audio-873-7\" preload=\"metadata\" style=\"width: 100%;\" controls=\"controls\"><source type=\"audio\/mpeg\" src=\"http:\/\/trebob.com\/wp-content\/uploads\/2015\/07\/the-pogues-dirty-old-town.mp3?_=7\" \/><a href=\"http:\/\/trebob.com\/wp-content\/uploads\/2015\/07\/the-pogues-dirty-old-town.mp3\">http:\/\/trebob.com\/wp-content\/uploads\/2015\/07\/the-pogues-dirty-old-town.mp3<\/a><\/audio><\/div><\/div><br \/>\n<div class=\"track\"><span class=\"songtitle\">Rebel Yell<\/span><span class=\"songwriter\">(Billy Idol)<\/span><span class=\"audiobutton\"><\/span><div class=\"albumtrack\" style=\"visibility:hidden;\"><audio class=\"wp-audio-shortcode\" id=\"audio-873-8\" preload=\"metadata\" style=\"width: 100%;\" controls=\"controls\"><source type=\"audio\/mpeg\" src=\"http:\/\/trebob.com\/wp-content\/uploads\/2015\/07\/billy-idol-rebel-yell.mp3?_=8\" \/><a href=\"http:\/\/trebob.com\/wp-content\/uploads\/2015\/07\/billy-idol-rebel-yell.mp3\">http:\/\/trebob.com\/wp-content\/uploads\/2015\/07\/billy-idol-rebel-yell.mp3<\/a><\/audio><\/div><\/div><br \/>\n<div class=\"track\"><span class=\"songtitle\">Let There be Rock<\/span><span class=\"songwriter\">(ACDC)<\/span><span class=\"audiobutton\"><\/span><div class=\"albumtrack\" style=\"visibility:hidden;\"><audio class=\"wp-audio-shortcode\" id=\"audio-873-9\" preload=\"metadata\" style=\"width: 100%;\" controls=\"controls\"><source type=\"audio\/mpeg\" src=\"http:\/\/trebob.com\/wp-content\/uploads\/2015\/07\/acdc-let-there-be-rock.mp3?_=9\" \/><a href=\"http:\/\/trebob.com\/wp-content\/uploads\/2015\/07\/acdc-let-there-be-rock.mp3\">http:\/\/trebob.com\/wp-content\/uploads\/2015\/07\/acdc-let-there-be-rock.mp3<\/a><\/audio><\/div><\/div><br \/>\n<div class=\"track\"><span class=\"songtitle\">Espana va bien<\/span><span class=\"songwriter\">(Ska P)<\/span><span class=\"audiobutton\"><\/span><div class=\"albumtrack\" style=\"visibility:hidden;\"><audio class=\"wp-audio-shortcode\" id=\"audio-873-10\" preload=\"metadata\" style=\"width: 100%;\" controls=\"controls\"><source type=\"audio\/mpeg\" src=\"http:\/\/trebob.com\/wp-content\/uploads\/2015\/07\/skap-espana-va-bien.mp3?_=10\" \/><a href=\"http:\/\/trebob.com\/wp-content\/uploads\/2015\/07\/skap-espana-va-bien.mp3\">http:\/\/trebob.com\/wp-content\/uploads\/2015\/07\/skap-espana-va-bien.mp3<\/a><\/audio><\/div><\/div><br \/>\n<\/div>\n<\/div>\n<\/section>\n","protected":false},"excerpt":{"rendered":"","protected":false},"author":2,"featured_media":0,"parent":0,"menu_order":0,"comment_status":"closed","ping_status":"closed","template":"","meta":{"footnotes":""},"class_list":["post-873","page","type-page","status-publish","hentry"],"_links":{"self":[{"href":"https:\/\/trebob.com\/index.php?rest_route=\/wp\/v2\/pages\/873","targetHints":{"allow":["GET"]}}],"collection":[{"href":"https:\/\/trebob.com\/index.php?rest_route=\/wp\/v2\/pages"}],"about":[{"href":"https:\/\/trebob.com\/index.php?rest_route=\/wp\/v2\/types\/page"}],"author":[{"embeddable":true,"href":"https:\/\/trebob.com\/index.php?rest_route=\/wp\/v2\/users\/2"}],"replies":[{"embeddable":true,"href":"https:\/\/trebob.com\/index.php?rest_route=%2Fwp%2Fv2%2Fcomments&post=873"}],"version-history":[{"count":4,"href":"https:\/\/trebob.com\/index.php?rest_route=\/wp\/v2\/pages\/873\/revisions"}],"predecessor-version":[{"id":889,"href":"https:\/\/trebob.com\/index.php?rest_route=\/wp\/v2\/pages\/873\/revisions\/889"}],"wp:attachment":[{"href":"https:\/\/trebob.com\/index.php?rest_route=%2Fwp%2Fv2%2Fmedia&parent=873"}],"curies":[{"name":"wp","href":"https:\/\/api.w.org\/{rel}","templated":true}]}}