{"id":829,"date":"2015-07-02T16:44:15","date_gmt":"2015-07-02T16:44:15","guid":{"rendered":"http:\/\/trebob.com\/?page_id=829"},"modified":"2019-08-03T04:02:54","modified_gmt":"2019-08-03T02:02:54","slug":"repertoire-accoustique","status":"publish","type":"page","link":"https:\/\/trebob.com\/?page_id=829","title":{"rendered":"Programme Acoustique Festif"},"content":{"rendered":"<section class=\"container\">\n<div class=\"row\">\n<div class=\"col-md-12 \" >\n<h3 class=\"\">R\u00e9pertoire compl\u00e8tement revisit\u00e9 par ces deux ph\u00e9nom\u00e8nes qui vous entra\u00eenent dans une ambiance de folie au rythme des guitares endiabl\u00e9es !<\/h3>\n<\/div>\n<div class=\"col-md-6 \" >\n<h2 class=\"audioalbum\">Une partie du r\u00e9pertoire<\/h2><p class=\"audioalbum\"><span><\/span><\/p><br \/>\n<ul class=\"chevrons unordered \">\n<li>Manu chao<\/li>\n<li>Brassens<\/li>\n<li>Le Rue K\u00e9tanou<\/li>\n<li>Les Ogres de Barback<\/li>\n<li>Les Hurlements d&rsquo;L\u00e9o<\/li>\n<li>Noir d\u00e9sir<\/li>\n<li>Renaud<\/li>\n<li>Les Negresses Vertes<\/li>\n<li>Serge Gainsbourg<\/li>\n<li>Charles Aznavour<\/li>\n<li>Charles Trenet<\/li>\n<li>Dalida<\/li>\n<li>Hughes Auffrey<\/li>\n<li>Les Croquants<\/li>\n<\/ul>\n<\/div>\n<div class=\"col-md-6 \" >\n<h2 class=\"audioalbum\">S\u00e9lection de morceaux<\/h2><p class=\"audioalbum\"><span><\/span><\/p><br \/>\n<div class=\"track\"><span class=\"songtitle\">Bienvenida a Tijuana<\/span><span class=\"songwriter\">(Manu Chao)<\/span><span class=\"audiobutton\"><\/span><div class=\"albumtrack\" style=\"visibility:hidden;\"><audio class=\"wp-audio-shortcode\" id=\"audio-829-1\" preload=\"metadata\" style=\"width: 100%;\" controls=\"controls\"><source type=\"audio\/mpeg\" src=\"http:\/\/trebob.com\/wp-content\/uploads\/2015\/07\/manu-chao-bienvenida-tijuana.mp3?_=1\" \/><a href=\"http:\/\/trebob.com\/wp-content\/uploads\/2015\/07\/manu-chao-bienvenida-tijuana.mp3\">http:\/\/trebob.com\/wp-content\/uploads\/2015\/07\/manu-chao-bienvenida-tijuana.mp3<\/a><\/audio><\/div><\/div><br \/>\n<div class=\"track\"><span class=\"songtitle\">Clandestino<\/span><span class=\"songwriter\">(Manu Chao)<\/span><span class=\"audiobutton\"><\/span><div class=\"albumtrack\" style=\"visibility:hidden;\"><audio class=\"wp-audio-shortcode\" id=\"audio-829-2\" preload=\"metadata\" style=\"width: 100%;\" controls=\"controls\"><source type=\"audio\/mpeg\" src=\"http:\/\/trebob.com\/wp-content\/uploads\/2015\/07\/manu-chao-clandestino.mp3?_=2\" \/><a href=\"http:\/\/trebob.com\/wp-content\/uploads\/2015\/07\/manu-chao-clandestino.mp3\">http:\/\/trebob.com\/wp-content\/uploads\/2015\/07\/manu-chao-clandestino.mp3<\/a><\/audio><\/div><\/div><br \/>\n<div class=\"track\"><span class=\"songtitle\">Le Poin\u00e7onneur des Lilas<\/span><span class=\"songwriter\">(Gainsbourg)<\/span><span class=\"audiobutton\"><\/span><div class=\"albumtrack\" style=\"visibility:hidden;\"><audio class=\"wp-audio-shortcode\" id=\"audio-829-3\" preload=\"metadata\" style=\"width: 100%;\" controls=\"controls\"><source type=\"audio\/mpeg\" src=\"http:\/\/trebob.com\/wp-content\/uploads\/2015\/07\/gainsbourg-le-poin\u00e7onneur-des-lilas.mp3?_=3\" \/><a href=\"http:\/\/trebob.com\/wp-content\/uploads\/2015\/07\/gainsbourg-le-poin\u00e7onneur-des-lilas.mp3\">http:\/\/trebob.com\/wp-content\/uploads\/2015\/07\/gainsbourg-le-poin\u00e7onneur-des-lilas.mp3<\/a><\/audio><\/div><\/div><br \/>\n<div class=\"track\"><span class=\"songtitle\">Marche \u00e0 l&#039;ombre<\/span><span class=\"songwriter\">(Renaud)<\/span><span class=\"audiobutton\"><\/span><div class=\"albumtrack\" style=\"visibility:hidden;\"><audio class=\"wp-audio-shortcode\" id=\"audio-829-4\" preload=\"metadata\" style=\"width: 100%;\" controls=\"controls\"><source type=\"audio\/mpeg\" src=\"http:\/\/trebob.com\/wp-content\/uploads\/2015\/07\/renaud-marche-a-ombre.mp3?_=4\" \/><a href=\"http:\/\/trebob.com\/wp-content\/uploads\/2015\/07\/renaud-marche-a-ombre.mp3\">http:\/\/trebob.com\/wp-content\/uploads\/2015\/07\/renaud-marche-a-ombre.mp3<\/a><\/audio><\/div><\/div><br \/>\n<div class=\"track\"><span class=\"songtitle\">La Rumba de Barcelona<\/span><span class=\"songwriter\">(Manu Chao)<\/span><span class=\"audiobutton\"><\/span><div class=\"albumtrack\" style=\"visibility:hidden;\"><audio class=\"wp-audio-shortcode\" id=\"audio-829-5\" preload=\"metadata\" style=\"width: 100%;\" controls=\"controls\"><source type=\"audio\/mpeg\" src=\"http:\/\/trebob.com\/wp-content\/uploads\/2015\/07\/manu-chao-la-rumba-de-barcelona.mp3?_=5\" \/><a href=\"http:\/\/trebob.com\/wp-content\/uploads\/2015\/07\/manu-chao-la-rumba-de-barcelona.mp3\">http:\/\/trebob.com\/wp-content\/uploads\/2015\/07\/manu-chao-la-rumba-de-barcelona.mp3<\/a><\/audio><\/div><\/div><br \/>\n<div class=\"track\"><span class=\"songtitle\">Malavida<\/span><span class=\"songwriter\">(Mano Negra)<\/span><span class=\"audiobutton\"><\/span><div class=\"albumtrack\" style=\"visibility:hidden;\"><audio class=\"wp-audio-shortcode\" id=\"audio-829-6\" preload=\"metadata\" style=\"width: 100%;\" controls=\"controls\"><source type=\"audio\/mpeg\" src=\"http:\/\/trebob.com\/wp-content\/uploads\/2015\/07\/mano-negra-malavida.mp3?_=6\" \/><a href=\"http:\/\/trebob.com\/wp-content\/uploads\/2015\/07\/mano-negra-malavida.mp3\">http:\/\/trebob.com\/wp-content\/uploads\/2015\/07\/mano-negra-malavida.mp3<\/a><\/audio><\/div><\/div><br \/>\n<div class=\"track\"><span class=\"songtitle\">Bodega<\/span><span class=\"songwriter\">(Les Negresses Vertes)<\/span><span class=\"audiobutton\"><\/span><div class=\"albumtrack\" style=\"visibility:hidden;\"><audio class=\"wp-audio-shortcode\" id=\"audio-829-7\" preload=\"metadata\" style=\"width: 100%;\" controls=\"controls\"><source type=\"audio\/mpeg\" src=\"http:\/\/trebob.com\/wp-content\/uploads\/2015\/07\/les-negresses-vertes-bodega.mp3?_=7\" \/><a href=\"http:\/\/trebob.com\/wp-content\/uploads\/2015\/07\/les-negresses-vertes-bodega.mp3\">http:\/\/trebob.com\/wp-content\/uploads\/2015\/07\/les-negresses-vertes-bodega.mp3<\/a><\/audio><\/div><\/div><br \/>\n<\/div>\n<\/div>\n<\/section>\n","protected":false},"excerpt":{"rendered":"","protected":false},"author":2,"featured_media":0,"parent":0,"menu_order":0,"comment_status":"closed","ping_status":"closed","template":"","meta":{"footnotes":""},"class_list":["post-829","page","type-page","status-publish","hentry"],"_links":{"self":[{"href":"https:\/\/trebob.com\/index.php?rest_route=\/wp\/v2\/pages\/829","targetHints":{"allow":["GET"]}}],"collection":[{"href":"https:\/\/trebob.com\/index.php?rest_route=\/wp\/v2\/pages"}],"about":[{"href":"https:\/\/trebob.com\/index.php?rest_route=\/wp\/v2\/types\/page"}],"author":[{"embeddable":true,"href":"https:\/\/trebob.com\/index.php?rest_route=\/wp\/v2\/users\/2"}],"replies":[{"embeddable":true,"href":"https:\/\/trebob.com\/index.php?rest_route=%2Fwp%2Fv2%2Fcomments&post=829"}],"version-history":[{"count":14,"href":"https:\/\/trebob.com\/index.php?rest_route=\/wp\/v2\/pages\/829\/revisions"}],"predecessor-version":[{"id":854,"href":"https:\/\/trebob.com\/index.php?rest_route=\/wp\/v2\/pages\/829\/revisions\/854"}],"wp:attachment":[{"href":"https:\/\/trebob.com\/index.php?rest_route=%2Fwp%2Fv2%2Fmedia&parent=829"}],"curies":[{"name":"wp","href":"https:\/\/api.w.org\/{rel}","templated":true}]}}