{"id":503,"date":"2014-02-28T05:31:04","date_gmt":"2014-02-28T05:31:04","guid":{"rendered":"http:\/\/192.232.247.118\/imithemes.com\/dev\/native-church\/?page_id=5"},"modified":"2023-06-01T04:47:21","modified_gmt":"2023-06-01T02:47:21","slug":"home","status":"publish","type":"page","link":"https:\/\/trebob.com\/","title":{"rendered":"Accueil"},"content":{"rendered":"<h3 class=\"\">Trebob est un duo compos\u00e9 de Boris et St\u00e9phane, deux musiciens Multi-instrumentistes qui ont plusieurs cordes \u00e0 leur arcs.<\/h3>\n<blockquote><p>Entour\u00e9s de leurs guitares \u00e9lectriques et acoustiques, banjo et percussions, ils vous emm\u00e8neront danser une Rumba \u00e0 Barcelone, une valse \u00e0 Paris, un rock&rsquo;n roll \u00e0 Sydney ou encore un pogo \u00e0 Dublin, jusqu&rsquo;\u00e0 ce que la bi\u00e8re et le whiskey coulent \u00e0 flot!<\/p><\/blockquote>\n<h5 class=\"\">Afin de s&rsquo;adapter au mieux \u00e0 chaque situation, Trebob vous propose 2 programmes musicaux :<\/h5>\n<ul class=\"chevrons unordered \">\n<li>Programme acoustique festif<\/li>\n<li>Programme mixte<\/li>\n<\/ul>\n","protected":false},"excerpt":{"rendered":"","protected":false},"author":2,"featured_media":0,"parent":0,"menu_order":0,"comment_status":"closed","ping_status":"closed","template":"template-home.php","meta":{"footnotes":""},"class_list":["post-503","page","type-page","status-publish","hentry"],"_links":{"self":[{"href":"https:\/\/trebob.com\/index.php?rest_route=\/wp\/v2\/pages\/503","targetHints":{"allow":["GET"]}}],"collection":[{"href":"https:\/\/trebob.com\/index.php?rest_route=\/wp\/v2\/pages"}],"about":[{"href":"https:\/\/trebob.com\/index.php?rest_route=\/wp\/v2\/types\/page"}],"author":[{"embeddable":true,"href":"https:\/\/trebob.com\/index.php?rest_route=\/wp\/v2\/users\/2"}],"replies":[{"embeddable":true,"href":"https:\/\/trebob.com\/index.php?rest_route=%2Fwp%2Fv2%2Fcomments&post=503"}],"version-history":[{"count":48,"href":"https:\/\/trebob.com\/index.php?rest_route=\/wp\/v2\/pages\/503\/revisions"}],"predecessor-version":[{"id":1675,"href":"https:\/\/trebob.com\/index.php?rest_route=\/wp\/v2\/pages\/503\/revisions\/1675"}],"wp:attachment":[{"href":"https:\/\/trebob.com\/index.php?rest_route=%2Fwp%2Fv2%2Fmedia&parent=503"}],"curies":[{"name":"wp","href":"https:\/\/api.w.org\/{rel}","templated":true}]}}